{"id":1015,"date":"2024-04-16T08:46:12","date_gmt":"2024-04-16T06:46:12","guid":{"rendered":"https:\/\/www.valbruna.de\/?page_id=1015"},"modified":"2024-04-19T09:56:30","modified_gmt":"2024-04-19T07:56:30","slug":"impressum","status":"publish","type":"page","link":"https:\/\/www.valbruna.de\/de\/impressum\/","title":{"rendered":"Impressum"},"content":{"rendered":"<h3>Valbruna Edel Inox GmbH<\/h3>\n<p>Siemensstra\u00dfe 14<br \/>\n41542 Dormagen<\/p>\n<p>Tel.: +49(2133)2706-0<br \/>\nFax: +49(2133)2706-30<\/p>\n<p>E-Mail: <a style=\"text-decoration: none;\" href=\"mailto:sales@valbruna.de\">sales@valbruna.de<\/a><br \/>\n<a style=\"text-decoration: none;\" href=\"http:\/\/www.valbruna.de\/\">www.valbruna.de<\/a><\/p>\n<hr>\n<p>Sitz der Gesellschaft:<br \/>\n41542 Dormagen<\/p>\n<p>Registergericht: 41460 Neuss HRB 4971<br \/>\nGesch\u00e4ftsf\u00fchrer: M. Amenduni Gresele \u2013 E. Amenduni Gresele \u2013 Christian Pottbecker<br \/>\nSteuer-Nr.: 122-5730-1264<br \/>\nUSt-IdNr.: DE 120 59 1427<\/p>\n","protected":false},"excerpt":{"rendered":"<p>Valbruna Edel Inox GmbH Siemensstra\u00dfe 14 41542 Dormagen Tel.: +49(2133)2706-0 Fax: +49(2133)2706-30 E-Mail: sales@valbruna.de www.valbruna.de Sitz der Gesellschaft: 41542 Dormagen Registergericht: 41460 Neuss HRB 4971 Gesch\u00e4ftsf\u00fchrer: M. Amenduni Gresele \u2013 E. Amenduni Gresele \u2013 Christian Pottbecker Steuer-Nr.: 122-5730-1264 USt-IdNr.: DE 120 59 1427<\/p>\n","protected":false},"author":4,"featured_media":0,"parent":0,"menu_order":0,"comment_status":"closed","ping_status":"closed","template":"page-legal.php","meta":{"footnotes":""},"class_list":["post-1015","page","type-page","status-publish","hentry"],"acf":[],"yoast_head":"<!-- This site is optimized with the Yoast SEO Premium plugin v27.5 (Yoast SEO v27.5) - https:\/\/yoast.com\/product\/yoast-seo-premium-wordpress\/ -->\n<title>Impressum - Valbruna Edel Inox<\/title>\n<meta name=\"robots\" content=\"index, follow, max-snippet:-1, max-image-preview:large, max-video-preview:-1\" \/>\n<link rel=\"canonical\" href=\"https:\/\/www.valbruna.de\/de\/impressum\/\" \/>\n<meta property=\"og:locale\" content=\"de_DE\" \/>\n<meta property=\"og:type\" content=\"article\" \/>\n<meta property=\"og:title\" content=\"Impressum\" \/>\n<meta property=\"og:description\" content=\"Valbruna Edel Inox GmbH Siemensstra\u00dfe 14 41542 Dormagen Tel.: +49(2133)2706-0 Fax: +49(2133)2706-30 E-Mail: sales@valbruna.de www.valbruna.de Sitz der Gesellschaft: 41542 Dormagen Registergericht: 41460 Neuss HRB 4971 Gesch\u00e4ftsf\u00fchrer: M. Amenduni Gresele \u2013 E. Amenduni Gresele \u2013 Christian Pottbecker Steuer-Nr.: 122-5730-1264 USt-IdNr.: DE 120 59 1427\" \/>\n<meta property=\"og:url\" content=\"https:\/\/www.valbruna.de\/de\/impressum\/\" \/>\n<meta property=\"og:site_name\" content=\"Valbruna Edel Inox\" \/>\n<meta property=\"article:publisher\" content=\"https:\/\/www.facebook.com\/profile.php?id=61557357778872\" \/>\n<meta property=\"article:modified_time\" content=\"2024-04-19T07:56:30+00:00\" \/>\n<meta name=\"twitter:card\" content=\"summary_large_image\" \/>\n<script type=\"application\/ld+json\" class=\"yoast-schema-graph\">{\"@context\":\"https:\\\/\\\/schema.org\",\"@graph\":[{\"@type\":\"WebPage\",\"@id\":\"https:\\\/\\\/www.valbruna.de\\\/de\\\/impressum\\\/\",\"url\":\"https:\\\/\\\/www.valbruna.de\\\/de\\\/impressum\\\/\",\"name\":\"Impressum - Valbruna Edel Inox\",\"isPartOf\":{\"@id\":\"https:\\\/\\\/www.valbruna.de\\\/de\\\/#website\"},\"datePublished\":\"2024-04-16T06:46:12+00:00\",\"dateModified\":\"2024-04-19T07:56:30+00:00\",\"breadcrumb\":{\"@id\":\"https:\\\/\\\/www.valbruna.de\\\/de\\\/impressum\\\/#breadcrumb\"},\"inLanguage\":\"de\",\"potentialAction\":[{\"@type\":\"ReadAction\",\"target\":[\"https:\\\/\\\/www.valbruna.de\\\/de\\\/impressum\\\/\"]}]},{\"@type\":\"BreadcrumbList\",\"@id\":\"https:\\\/\\\/www.valbruna.de\\\/de\\\/impressum\\\/#breadcrumb\",\"itemListElement\":[{\"@type\":\"ListItem\",\"position\":1,\"name\":\"Home\",\"item\":\"https:\\\/\\\/www.valbruna.de\\\/de\\\/\"},{\"@type\":\"ListItem\",\"position\":2,\"name\":\"Impressum\"}]},{\"@type\":\"WebSite\",\"@id\":\"https:\\\/\\\/www.valbruna.de\\\/de\\\/#website\",\"url\":\"https:\\\/\\\/www.valbruna.de\\\/de\\\/\",\"name\":\"Valbruna Edel Inox GmbH\",\"description\":\"\",\"publisher\":{\"@id\":\"https:\\\/\\\/www.valbruna.de\\\/de\\\/#organization\"},\"alternateName\":\"Valbruna Edel Inox GmbH\",\"potentialAction\":[{\"@type\":\"SearchAction\",\"target\":{\"@type\":\"EntryPoint\",\"urlTemplate\":\"https:\\\/\\\/www.valbruna.de\\\/de\\\/?s={search_term_string}\"},\"query-input\":{\"@type\":\"PropertyValueSpecification\",\"valueRequired\":true,\"valueName\":\"search_term_string\"}}],\"inLanguage\":\"de\"},{\"@type\":\"Organization\",\"@id\":\"https:\\\/\\\/www.valbruna.de\\\/de\\\/#organization\",\"name\":\"Valbruna Edel Inox GmbH\",\"alternateName\":\"Valbruna Edel Inox GmbH\",\"url\":\"https:\\\/\\\/www.valbruna.de\\\/de\\\/\",\"logo\":{\"@type\":\"ImageObject\",\"inLanguage\":\"de\",\"@id\":\"https:\\\/\\\/www.valbruna.de\\\/de\\\/#\\\/schema\\\/logo\\\/image\\\/\",\"url\":\"https:\\\/\\\/www.valbruna.de\\\/wp-content\\\/uploads\\\/2024\\\/10\\\/logo-valbruna-favicon-512.png\",\"contentUrl\":\"https:\\\/\\\/www.valbruna.de\\\/wp-content\\\/uploads\\\/2024\\\/10\\\/logo-valbruna-favicon-512.png\",\"width\":512,\"height\":512,\"caption\":\"Valbruna Edel Inox GmbH\"},\"image\":{\"@id\":\"https:\\\/\\\/www.valbruna.de\\\/de\\\/#\\\/schema\\\/logo\\\/image\\\/\"},\"sameAs\":[\"https:\\\/\\\/www.facebook.com\\\/profile.php?id=61557357778872\",\"https:\\\/\\\/www.linkedin.com\\\/company\\\/valbruna-edel-inox-gmbh\",\"https:\\\/\\\/www.instagram.com\\\/valbruna_edel_inox\\\/\"],\"description\":\"Deutscher Vertriebs- und Servicepartner der Valbruna Group f\u00fcr Edelstahl-Langprodukte und Nickellegierungen. Lagerbestand \u00fcber 60.000 Tonnen an zwei Standorten in Dormagen und N\u00fcrtingen. Beliefert Luft- und Raumfahrt, Chemie, Energie, Automobilindustrie, Maschinenbau, Medizin und Schifffahrt.\",\"email\":\"verkauf@valbruna.de\",\"telephone\":\"+49-2133-2706-0\",\"legalName\":\"Valbruna Edel Inox GmbH\",\"foundingDate\":\"1987-01-01\"}]}<\/script>\n<!-- \/ Yoast SEO Premium plugin. -->","yoast_head_json":{"title":"Impressum - Valbruna Edel Inox","robots":{"index":"index","follow":"follow","max-snippet":"max-snippet:-1","max-image-preview":"max-image-preview:large","max-video-preview":"max-video-preview:-1"},"canonical":"https:\/\/www.valbruna.de\/de\/impressum\/","og_locale":"de_DE","og_type":"article","og_title":"Impressum","og_description":"Valbruna Edel Inox GmbH Siemensstra\u00dfe 14 41542 Dormagen Tel.: +49(2133)2706-0 Fax: +49(2133)2706-30 E-Mail: sales@valbruna.de www.valbruna.de Sitz der Gesellschaft: 41542 Dormagen Registergericht: 41460 Neuss HRB 4971 Gesch\u00e4ftsf\u00fchrer: M. Amenduni Gresele \u2013 E. Amenduni Gresele \u2013 Christian Pottbecker Steuer-Nr.: 122-5730-1264 USt-IdNr.: DE 120 59 1427","og_url":"https:\/\/www.valbruna.de\/de\/impressum\/","og_site_name":"Valbruna Edel Inox","article_publisher":"https:\/\/www.facebook.com\/profile.php?id=61557357778872","article_modified_time":"2024-04-19T07:56:30+00:00","twitter_card":"summary_large_image","schema":{"@context":"https:\/\/schema.org","@graph":[{"@type":"WebPage","@id":"https:\/\/www.valbruna.de\/de\/impressum\/","url":"https:\/\/www.valbruna.de\/de\/impressum\/","name":"Impressum - Valbruna Edel Inox","isPartOf":{"@id":"https:\/\/www.valbruna.de\/de\/#website"},"datePublished":"2024-04-16T06:46:12+00:00","dateModified":"2024-04-19T07:56:30+00:00","breadcrumb":{"@id":"https:\/\/www.valbruna.de\/de\/impressum\/#breadcrumb"},"inLanguage":"de","potentialAction":[{"@type":"ReadAction","target":["https:\/\/www.valbruna.de\/de\/impressum\/"]}]},{"@type":"BreadcrumbList","@id":"https:\/\/www.valbruna.de\/de\/impressum\/#breadcrumb","itemListElement":[{"@type":"ListItem","position":1,"name":"Home","item":"https:\/\/www.valbruna.de\/de\/"},{"@type":"ListItem","position":2,"name":"Impressum"}]},{"@type":"WebSite","@id":"https:\/\/www.valbruna.de\/de\/#website","url":"https:\/\/www.valbruna.de\/de\/","name":"Valbruna Edel Inox GmbH","description":"","publisher":{"@id":"https:\/\/www.valbruna.de\/de\/#organization"},"alternateName":"Valbruna Edel Inox GmbH","potentialAction":[{"@type":"SearchAction","target":{"@type":"EntryPoint","urlTemplate":"https:\/\/www.valbruna.de\/de\/?s={search_term_string}"},"query-input":{"@type":"PropertyValueSpecification","valueRequired":true,"valueName":"search_term_string"}}],"inLanguage":"de"},{"@type":"Organization","@id":"https:\/\/www.valbruna.de\/de\/#organization","name":"Valbruna Edel Inox GmbH","alternateName":"Valbruna Edel Inox GmbH","url":"https:\/\/www.valbruna.de\/de\/","logo":{"@type":"ImageObject","inLanguage":"de","@id":"https:\/\/www.valbruna.de\/de\/#\/schema\/logo\/image\/","url":"https:\/\/www.valbruna.de\/wp-content\/uploads\/2024\/10\/logo-valbruna-favicon-512.png","contentUrl":"https:\/\/www.valbruna.de\/wp-content\/uploads\/2024\/10\/logo-valbruna-favicon-512.png","width":512,"height":512,"caption":"Valbruna Edel Inox GmbH"},"image":{"@id":"https:\/\/www.valbruna.de\/de\/#\/schema\/logo\/image\/"},"sameAs":["https:\/\/www.facebook.com\/profile.php?id=61557357778872","https:\/\/www.linkedin.com\/company\/valbruna-edel-inox-gmbh","https:\/\/www.instagram.com\/valbruna_edel_inox\/"],"description":"Deutscher Vertriebs- und Servicepartner der Valbruna Group f\u00fcr Edelstahl-Langprodukte und Nickellegierungen. Lagerbestand \u00fcber 60.000 Tonnen an zwei Standorten in Dormagen und N\u00fcrtingen. Beliefert Luft- und Raumfahrt, Chemie, Energie, Automobilindustrie, Maschinenbau, Medizin und Schifffahrt.","email":"verkauf@valbruna.de","telephone":"+49-2133-2706-0","legalName":"Valbruna Edel Inox GmbH","foundingDate":"1987-01-01"}]}},"_links":{"self":[{"href":"https:\/\/www.valbruna.de\/de\/wp-json\/wp\/v2\/pages\/1015","targetHints":{"allow":["GET"]}}],"collection":[{"href":"https:\/\/www.valbruna.de\/de\/wp-json\/wp\/v2\/pages"}],"about":[{"href":"https:\/\/www.valbruna.de\/de\/wp-json\/wp\/v2\/types\/page"}],"author":[{"embeddable":true,"href":"https:\/\/www.valbruna.de\/de\/wp-json\/wp\/v2\/users\/4"}],"replies":[{"embeddable":true,"href":"https:\/\/www.valbruna.de\/de\/wp-json\/wp\/v2\/comments?post=1015"}],"version-history":[{"count":9,"href":"https:\/\/www.valbruna.de\/de\/wp-json\/wp\/v2\/pages\/1015\/revisions"}],"predecessor-version":[{"id":1036,"href":"https:\/\/www.valbruna.de\/de\/wp-json\/wp\/v2\/pages\/1015\/revisions\/1036"}],"wp:attachment":[{"href":"https:\/\/www.valbruna.de\/de\/wp-json\/wp\/v2\/media?parent=1015"}],"curies":[{"name":"wp","href":"https:\/\/api.w.org\/{rel}","templated":true}]}}