{"id":1092,"date":"2024-05-17T14:51:16","date_gmt":"2024-05-17T12:51:16","guid":{"rendered":"https:\/\/www.valbruna.de\/qualities\/"},"modified":"2025-05-03T23:36:25","modified_gmt":"2025-05-03T21:36:25","slug":"qualitat","status":"publish","type":"page","link":"https:\/\/www.valbruna.de\/de\/qualitat\/","title":{"rendered":"Qualit\u00e4ten"},"content":{"rendered":"<p>Vertrauen ist gut, aber kontrollierte Qualit\u00e4t ist die Basis f\u00fcr Vertrauen. Unser Ziel, qualitativ hochwertige Produkte nach den Vorgaben unserer Kunden zur Verf\u00fcgung zu stellen, erreichen wir mit Hilfe einer kontinuierlichen Qualit\u00e4tskontrolle, die mit der Erschmelzung und Herstellung des Produktes beginnt und sich bis zur Kundenbetreuung und Lieferung erstreckt. Um dieses Ziel zu erreichen, setzen sowohl unsere Produktionswerke als auch Valbruna Edel Inox GmbH auf ein Qualit\u00e4tssystem nach den Vorgaben der DIN EN ISO 9001:2015 und AS9100 bzw. AS9120B.<\/p>\n<p>F\u00fcr heutige Marktanforderungen, in der Qualit\u00e4t die Grundlage allen Handelns ist, ist die Zertifizierung von Prozessen und Produkten das selbstverst\u00e4ndliche Ergebnis eines dauerhaften Strebens nach dem Optimum. Qualit\u00e4t steht im Mittelpunkt unseres Unternehmens.<\/p>\n<p>Die hohen Materialeigenschaften unserer Produkte werden durch die strikte Einhaltung der Europ\u00e4ischen Normen f\u00fcr Spezialst\u00e4hle (UNI EN 10088) und h\u00f6chster internationaler Standards gew\u00e4hrleistet und durch die folgenden Zertifizierungen belegt:<\/p>\n<h6>Valbruna Edel Inox System Zertifikate<\/h6>\n<ul>\n<li><a href=\"https:\/\/www.valbruna.de\/wp-content\/uploads\/2024\/12\/ISO-9001_LR_2024-2027.pdf\">ISO 9001:2015<\/a><\/li>\n<li><a href=\"https:\/\/www.valbruna.de\/wp-content\/uploads\/2024\/12\/AS9120_CERT_LR_2024-2027.pdf\">AS 9120B (Aerospace standard)<\/a><\/li>\n<\/ul>\n<h6>Produktzertifikate<\/h6>\n<ul>\n<li>TUV<\/li>\n<li>DNV &#8211; GL<\/li>\n<li>RINA<\/li>\n<li>KONTROLLRADET<\/li>\n<li>ABS<\/li>\n<li>LLOYD\u2019S REGISTER<\/li>\n<li>CARES<\/li>\n<li>D.M. 2018 bars<\/li>\n<li>D.M. 2018 coils<\/li>\n<li>BUREAU VERITAS<\/li>\n<li>SIRIM<\/li>\n<li>NORSOK<\/li>\n<\/ul>\n","protected":false},"excerpt":{"rendered":"<p>Vertrauen ist gut, aber kontrollierte Qualit\u00e4t ist die Basis f\u00fcr Vertrauen. Unser Ziel, qualitativ hochwertige Produkte nach den Vorgaben unserer Kunden zur Verf\u00fcgung zu stellen, erreichen wir mit Hilfe einer kontinuierlichen Qualit\u00e4tskontrolle, die mit der Erschmelzung und Herstellung des Produktes beginnt und sich bis zur Kundenbetreuung und Lieferung erstreckt. Um dieses Ziel zu erreichen, setzen [&hellip;]<\/p>\n","protected":false},"author":1,"featured_media":0,"parent":0,"menu_order":0,"comment_status":"closed","ping_status":"closed","template":"page-qualities.php","meta":{"footnotes":""},"class_list":["post-1092","page","type-page","status-publish","hentry"],"acf":[],"yoast_head":"<!-- This site is optimized with the Yoast SEO plugin v25.6 - https:\/\/yoast.com\/wordpress\/plugins\/seo\/ -->\n<title>Qualit\u00e4ten - Valbruna Edel Inox<\/title>\n<meta name=\"description\" content=\"Valbruna verf\u00fcgt \u00fcber zahlreiche Produkt- und Systemzulassungen, nach nationalen und internationalen Normen. ISO9100_ISO9001_AS9120.\" \/>\n<meta name=\"robots\" content=\"index, follow, max-snippet:-1, max-image-preview:large, max-video-preview:-1\" \/>\n<link rel=\"canonical\" href=\"https:\/\/www.valbruna.de\/de\/qualitat\/\" \/>\n<meta property=\"og:locale\" content=\"de_DE\" \/>\n<meta property=\"og:type\" content=\"article\" \/>\n<meta property=\"og:title\" content=\"Qualit\u00e4ten - Valbruna Edel Inox\" \/>\n<meta property=\"og:description\" content=\"Valbruna verf\u00fcgt \u00fcber zahlreiche Produkt- und Systemzulassungen, nach nationalen und internationalen Normen. ISO9100_ISO9001_AS9120.\" \/>\n<meta property=\"og:url\" content=\"https:\/\/www.valbruna.de\/de\/qualitat\/\" \/>\n<meta property=\"og:site_name\" content=\"Valbruna Edel Inox\" \/>\n<meta property=\"article:modified_time\" content=\"2025-05-03T21:36:25+00:00\" \/>\n<meta name=\"twitter:card\" content=\"summary_large_image\" \/>\n<meta name=\"twitter:label1\" content=\"Est. reading time\" \/>\n\t<meta name=\"twitter:data1\" content=\"1\u00a0Minute\" \/>\n<script type=\"application\/ld+json\" class=\"yoast-schema-graph\">{\"@context\":\"https:\/\/schema.org\",\"@graph\":[{\"@type\":\"WebPage\",\"@id\":\"https:\/\/www.valbruna.de\/de\/qualitat\/\",\"url\":\"https:\/\/www.valbruna.de\/de\/qualitat\/\",\"name\":\"Qualit\u00e4ten - Valbruna Edel Inox\",\"isPartOf\":{\"@id\":\"https:\/\/www.valbruna.de\/de\/#website\"},\"datePublished\":\"2024-05-17T12:51:16+00:00\",\"dateModified\":\"2025-05-03T21:36:25+00:00\",\"description\":\"Valbruna verf\u00fcgt \u00fcber zahlreiche Produkt- und Systemzulassungen, nach nationalen und internationalen Normen. ISO9100_ISO9001_AS9120.\",\"breadcrumb\":{\"@id\":\"https:\/\/www.valbruna.de\/de\/qualitat\/#breadcrumb\"},\"inLanguage\":\"de\",\"potentialAction\":[{\"@type\":\"ReadAction\",\"target\":[\"https:\/\/www.valbruna.de\/de\/qualitat\/\"]}]},{\"@type\":\"BreadcrumbList\",\"@id\":\"https:\/\/www.valbruna.de\/de\/qualitat\/#breadcrumb\",\"itemListElement\":[{\"@type\":\"ListItem\",\"position\":1,\"name\":\"Home\",\"item\":\"https:\/\/www.valbruna.de\/de\/\"},{\"@type\":\"ListItem\",\"position\":2,\"name\":\"Qualit\u00e4ten\"}]},{\"@type\":\"WebSite\",\"@id\":\"https:\/\/www.valbruna.de\/de\/#website\",\"url\":\"https:\/\/www.valbruna.de\/de\/\",\"name\":\"Valbruna Edel Inox GmbH\",\"description\":\"\",\"publisher\":{\"@id\":\"https:\/\/www.valbruna.de\/de\/#organization\"},\"alternateName\":\"Valbruna Edel Inox GmbH\",\"potentialAction\":[{\"@type\":\"SearchAction\",\"target\":{\"@type\":\"EntryPoint\",\"urlTemplate\":\"https:\/\/www.valbruna.de\/de\/?s={search_term_string}\"},\"query-input\":{\"@type\":\"PropertyValueSpecification\",\"valueRequired\":true,\"valueName\":\"search_term_string\"}}],\"inLanguage\":\"de\"},{\"@type\":\"Organization\",\"@id\":\"https:\/\/www.valbruna.de\/de\/#organization\",\"name\":\"Valbruna Edel Inox GmbH\",\"alternateName\":\"Valbruna Edel Inox GmbH\",\"url\":\"https:\/\/www.valbruna.de\/de\/\",\"logo\":{\"@type\":\"ImageObject\",\"inLanguage\":\"de\",\"@id\":\"https:\/\/www.valbruna.de\/de\/#\/schema\/logo\/image\/\",\"url\":\"https:\/\/www.valbruna.de\/wp-content\/uploads\/2024\/10\/logo-valbruna-favicon-512.png\",\"contentUrl\":\"https:\/\/www.valbruna.de\/wp-content\/uploads\/2024\/10\/logo-valbruna-favicon-512.png\",\"width\":512,\"height\":512,\"caption\":\"Valbruna Edel Inox GmbH\"},\"image\":{\"@id\":\"https:\/\/www.valbruna.de\/de\/#\/schema\/logo\/image\/\"}}]}<\/script>\n<!-- \/ Yoast SEO plugin. -->","yoast_head_json":{"title":"Qualit\u00e4ten - Valbruna Edel Inox","description":"Valbruna verf\u00fcgt \u00fcber zahlreiche Produkt- und Systemzulassungen, nach nationalen und internationalen Normen. ISO9100_ISO9001_AS9120.","robots":{"index":"index","follow":"follow","max-snippet":"max-snippet:-1","max-image-preview":"max-image-preview:large","max-video-preview":"max-video-preview:-1"},"canonical":"https:\/\/www.valbruna.de\/de\/qualitat\/","og_locale":"de_DE","og_type":"article","og_title":"Qualit\u00e4ten - Valbruna Edel Inox","og_description":"Valbruna verf\u00fcgt \u00fcber zahlreiche Produkt- und Systemzulassungen, nach nationalen und internationalen Normen. ISO9100_ISO9001_AS9120.","og_url":"https:\/\/www.valbruna.de\/de\/qualitat\/","og_site_name":"Valbruna Edel Inox","article_modified_time":"2025-05-03T21:36:25+00:00","twitter_card":"summary_large_image","twitter_misc":{"Est. reading time":"1\u00a0Minute"},"schema":{"@context":"https:\/\/schema.org","@graph":[{"@type":"WebPage","@id":"https:\/\/www.valbruna.de\/de\/qualitat\/","url":"https:\/\/www.valbruna.de\/de\/qualitat\/","name":"Qualit\u00e4ten - Valbruna Edel Inox","isPartOf":{"@id":"https:\/\/www.valbruna.de\/de\/#website"},"datePublished":"2024-05-17T12:51:16+00:00","dateModified":"2025-05-03T21:36:25+00:00","description":"Valbruna verf\u00fcgt \u00fcber zahlreiche Produkt- und Systemzulassungen, nach nationalen und internationalen Normen. ISO9100_ISO9001_AS9120.","breadcrumb":{"@id":"https:\/\/www.valbruna.de\/de\/qualitat\/#breadcrumb"},"inLanguage":"de","potentialAction":[{"@type":"ReadAction","target":["https:\/\/www.valbruna.de\/de\/qualitat\/"]}]},{"@type":"BreadcrumbList","@id":"https:\/\/www.valbruna.de\/de\/qualitat\/#breadcrumb","itemListElement":[{"@type":"ListItem","position":1,"name":"Home","item":"https:\/\/www.valbruna.de\/de\/"},{"@type":"ListItem","position":2,"name":"Qualit\u00e4ten"}]},{"@type":"WebSite","@id":"https:\/\/www.valbruna.de\/de\/#website","url":"https:\/\/www.valbruna.de\/de\/","name":"Valbruna Edel Inox GmbH","description":"","publisher":{"@id":"https:\/\/www.valbruna.de\/de\/#organization"},"alternateName":"Valbruna Edel Inox GmbH","potentialAction":[{"@type":"SearchAction","target":{"@type":"EntryPoint","urlTemplate":"https:\/\/www.valbruna.de\/de\/?s={search_term_string}"},"query-input":{"@type":"PropertyValueSpecification","valueRequired":true,"valueName":"search_term_string"}}],"inLanguage":"de"},{"@type":"Organization","@id":"https:\/\/www.valbruna.de\/de\/#organization","name":"Valbruna Edel Inox GmbH","alternateName":"Valbruna Edel Inox GmbH","url":"https:\/\/www.valbruna.de\/de\/","logo":{"@type":"ImageObject","inLanguage":"de","@id":"https:\/\/www.valbruna.de\/de\/#\/schema\/logo\/image\/","url":"https:\/\/www.valbruna.de\/wp-content\/uploads\/2024\/10\/logo-valbruna-favicon-512.png","contentUrl":"https:\/\/www.valbruna.de\/wp-content\/uploads\/2024\/10\/logo-valbruna-favicon-512.png","width":512,"height":512,"caption":"Valbruna Edel Inox GmbH"},"image":{"@id":"https:\/\/www.valbruna.de\/de\/#\/schema\/logo\/image\/"}}]}},"_links":{"self":[{"href":"https:\/\/www.valbruna.de\/de\/wp-json\/wp\/v2\/pages\/1092","targetHints":{"allow":["GET"]}}],"collection":[{"href":"https:\/\/www.valbruna.de\/de\/wp-json\/wp\/v2\/pages"}],"about":[{"href":"https:\/\/www.valbruna.de\/de\/wp-json\/wp\/v2\/types\/page"}],"author":[{"embeddable":true,"href":"https:\/\/www.valbruna.de\/de\/wp-json\/wp\/v2\/users\/1"}],"replies":[{"embeddable":true,"href":"https:\/\/www.valbruna.de\/de\/wp-json\/wp\/v2\/comments?post=1092"}],"version-history":[{"count":5,"href":"https:\/\/www.valbruna.de\/de\/wp-json\/wp\/v2\/pages\/1092\/revisions"}],"predecessor-version":[{"id":1214,"href":"https:\/\/www.valbruna.de\/de\/wp-json\/wp\/v2\/pages\/1092\/revisions\/1214"}],"wp:attachment":[{"href":"https:\/\/www.valbruna.de\/de\/wp-json\/wp\/v2\/media?parent=1092"}],"curies":[{"name":"wp","href":"https:\/\/api.w.org\/{rel}","templated":true}]}}