{"id":898,"date":"2023-08-01T12:34:21","date_gmt":"2023-08-01T10:34:21","guid":{"rendered":"https:\/\/valbruna-de.noooserver.com\/homepage\/"},"modified":"2025-10-27T15:09:58","modified_gmt":"2025-10-27T14:09:58","slug":"homepage","status":"publish","type":"page","link":"https:\/\/www.valbruna.de\/de\/","title":{"rendered":"Stainless Steel and Nickel Alloys"},"content":{"rendered":"<p class=\"p1\">Valbruna Edel Inox bietet <b> mehr als 60.000 Tonnen<\/b> Langprodukte in mehr als <b> 100 Edelstahlwerkstoffen<\/b> ab Lager an. Lagerstandorte in <b>N\u00fcrtingen<\/b> und <b>Dormagen<\/b> garantieren einen hohen Servicegrad und Lieferl\u00f6sungen f\u00fcr<\/b> <span style=\"color: #ffcb08;\"> Profile aus Standard- und Spezialst\u00e4hlen.<\/span><\/p>\n<p class=\"p1\"><span style=\"color: #ffcb08;\"> AUCH LAGERTYPISCHE SERVICEMENGEN!<\/span><\/p>\n<p>&nbsp;<\/p>\n<p class=\"p1\">Wir sind Teil der Valbruna Gruppe mit je <b>zwei Produktionsst\u00e4tten in Italien<\/b> und <b>in Nordamerika<\/b>. <b>Die Produktionsprozesse sind vollst\u00e4ndig vertikal integriert<\/b>, von der Erschmelzung hochwertigen Schrotts bis zur Lieferung des Endproduktes aus Neufertigung oder aus Lagervorrat <b>gem\u00e4\u00df Kundenspezifikation<\/b>.<\/p>\n<p>&nbsp;<\/p>\n<p class=\"p1\">Valbruna Edel Inox liefert Kleinstmengen bis hin zu Gro\u00dftonnagen, incl. S\u00e4ge- oder Verpackungsservice. Oberste Priorit\u00e4t haben schnelle Reaktionszeiten und sehr kurzfristige Lieferungen.<\/p>\n<p>&nbsp;<\/p>\n<p class=\"p1\"><span style=\"color: #ffcb08;\"> Unser Service:<\/span> S\u00e4gen von Fixl\u00e4ngen, S\u00e4gen aus Bl\u00f6cken, Stangenmarkierung, Materialpr\u00fcfung durch externe Pr\u00fcflabore und Zertifizierungsorganisationen.<\/p>\n","protected":false},"excerpt":{"rendered":"<p>Valbruna Edel Inox bietet mehr als 60.000 Tonnen Langprodukte in mehr als 100 Edelstahlwerkstoffen ab Lager an. Lagerstandorte in N\u00fcrtingen und Dormagen garantieren einen hohen Servicegrad und Lieferl\u00f6sungen f\u00fcr Profile aus Standard- und Spezialst\u00e4hlen. AUCH LAGERTYPISCHE SERVICEMENGEN! &nbsp; Wir sind Teil der Valbruna Gruppe mit je zwei Produktionsst\u00e4tten in Italien und in Nordamerika. Die Produktionsprozesse [&hellip;]<\/p>\n","protected":false},"author":1,"featured_media":841,"parent":0,"menu_order":0,"comment_status":"closed","ping_status":"closed","template":"page-homepage.php","meta":{"footnotes":""},"class_list":["post-898","page","type-page","status-publish","has-post-thumbnail","hentry"],"acf":[],"yoast_head":"<!-- This site is optimized with the Yoast SEO plugin v25.6 - https:\/\/yoast.com\/wordpress\/plugins\/seo\/ -->\n<title>Stainless Steel and Nickel Alloys - Valbruna Edel Inox<\/title>\n<meta name=\"description\" content=\"Wir liefern Produkte f\u00fcr spezielle M\u00e4rkte und Anwendungen: Ventile, Pumpen, bearbeitete Teile, Schmiedeteile, Sensoren, Vakuum, Kernkraft, Energie, \u00d6l und Gas, Kryo, Hochdruck, Steckverbinder, Bolzen, Schrauben, Muttern, hitzebest\u00e4ndig, hochkorrosionsbest\u00e4ndig, Kraftmesszellen uvm.\" \/>\n<meta name=\"robots\" content=\"index, follow, max-snippet:-1, max-image-preview:large, max-video-preview:-1\" \/>\n<link rel=\"canonical\" href=\"https:\/\/www.valbruna.de\/de\/\" \/>\n<meta property=\"og:locale\" content=\"de_DE\" \/>\n<meta property=\"og:type\" content=\"article\" \/>\n<meta property=\"og:title\" content=\"Stainless Steel and Nickel Alloys - Valbruna Edel Inox\" \/>\n<meta property=\"og:description\" content=\"Wir liefern Produkte f\u00fcr spezielle M\u00e4rkte und Anwendungen: Ventile, Pumpen, bearbeitete Teile, Schmiedeteile, Sensoren, Vakuum, Kernkraft, Energie, \u00d6l und Gas, Kryo, Hochdruck, Steckverbinder, Bolzen, Schrauben, Muttern, hitzebest\u00e4ndig, hochkorrosionsbest\u00e4ndig, Kraftmesszellen uvm.\" \/>\n<meta property=\"og:url\" content=\"https:\/\/www.valbruna.de\/de\/\" \/>\n<meta property=\"og:site_name\" content=\"Valbruna Edel Inox\" \/>\n<meta property=\"article:modified_time\" content=\"2025-10-27T14:09:58+00:00\" \/>\n<meta property=\"og:image\" content=\"https:\/\/www.valbruna.de\/wp-content\/uploads\/2023\/10\/warehouse.jpg\" \/>\n\t<meta property=\"og:image:width\" content=\"749\" \/>\n\t<meta property=\"og:image:height\" content=\"508\" \/>\n\t<meta property=\"og:image:type\" content=\"image\/jpeg\" \/>\n<meta name=\"twitter:card\" content=\"summary_large_image\" \/>\n<meta name=\"twitter:label1\" content=\"Est. reading time\" \/>\n\t<meta name=\"twitter:data1\" content=\"1\u00a0Minute\" \/>\n<script type=\"application\/ld+json\" class=\"yoast-schema-graph\">{\"@context\":\"https:\/\/schema.org\",\"@graph\":[{\"@type\":\"WebPage\",\"@id\":\"https:\/\/www.valbruna.de\/de\/\",\"url\":\"https:\/\/www.valbruna.de\/de\/\",\"name\":\"Stainless Steel and Nickel Alloys - Valbruna Edel Inox\",\"isPartOf\":{\"@id\":\"https:\/\/www.valbruna.de\/de\/#website\"},\"primaryImageOfPage\":{\"@id\":\"https:\/\/www.valbruna.de\/de\/#primaryimage\"},\"image\":{\"@id\":\"https:\/\/www.valbruna.de\/de\/#primaryimage\"},\"thumbnailUrl\":\"https:\/\/www.valbruna.de\/wp-content\/uploads\/2023\/10\/warehouse.jpg\",\"datePublished\":\"2023-08-01T10:34:21+00:00\",\"dateModified\":\"2025-10-27T14:09:58+00:00\",\"description\":\"Wir liefern Produkte f\u00fcr spezielle M\u00e4rkte und Anwendungen: Ventile, Pumpen, bearbeitete Teile, Schmiedeteile, Sensoren, Vakuum, Kernkraft, Energie, \u00d6l und Gas, Kryo, Hochdruck, Steckverbinder, Bolzen, Schrauben, Muttern, hitzebest\u00e4ndig, hochkorrosionsbest\u00e4ndig, Kraftmesszellen uvm.\",\"breadcrumb\":{\"@id\":\"https:\/\/www.valbruna.de\/de\/#breadcrumb\"},\"inLanguage\":\"de\",\"potentialAction\":[{\"@type\":\"ReadAction\",\"target\":[\"https:\/\/www.valbruna.de\/de\/\"]}]},{\"@type\":\"ImageObject\",\"inLanguage\":\"de\",\"@id\":\"https:\/\/www.valbruna.de\/de\/#primaryimage\",\"url\":\"https:\/\/www.valbruna.de\/wp-content\/uploads\/2023\/10\/warehouse.jpg\",\"contentUrl\":\"https:\/\/www.valbruna.de\/wp-content\/uploads\/2023\/10\/warehouse.jpg\",\"width\":749,\"height\":508},{\"@type\":\"BreadcrumbList\",\"@id\":\"https:\/\/www.valbruna.de\/de\/#breadcrumb\",\"itemListElement\":[{\"@type\":\"ListItem\",\"position\":1,\"name\":\"Home\",\"item\":\"https:\/\/www.valbruna.de\/de\/\"},{\"@type\":\"ListItem\",\"position\":2,\"name\":\"Stainless Steel and Nickel Alloys\"}]},{\"@type\":\"WebSite\",\"@id\":\"https:\/\/www.valbruna.de\/de\/#website\",\"url\":\"https:\/\/www.valbruna.de\/de\/\",\"name\":\"Valbruna Edel Inox GmbH\",\"description\":\"\",\"publisher\":{\"@id\":\"https:\/\/www.valbruna.de\/de\/#organization\"},\"alternateName\":\"Valbruna Edel Inox GmbH\",\"potentialAction\":[{\"@type\":\"SearchAction\",\"target\":{\"@type\":\"EntryPoint\",\"urlTemplate\":\"https:\/\/www.valbruna.de\/de\/?s={search_term_string}\"},\"query-input\":{\"@type\":\"PropertyValueSpecification\",\"valueRequired\":true,\"valueName\":\"search_term_string\"}}],\"inLanguage\":\"de\"},{\"@type\":\"Organization\",\"@id\":\"https:\/\/www.valbruna.de\/de\/#organization\",\"name\":\"Valbruna Edel Inox GmbH\",\"alternateName\":\"Valbruna Edel Inox GmbH\",\"url\":\"https:\/\/www.valbruna.de\/de\/\",\"logo\":{\"@type\":\"ImageObject\",\"inLanguage\":\"de\",\"@id\":\"https:\/\/www.valbruna.de\/de\/#\/schema\/logo\/image\/\",\"url\":\"https:\/\/www.valbruna.de\/wp-content\/uploads\/2024\/10\/logo-valbruna-favicon-512.png\",\"contentUrl\":\"https:\/\/www.valbruna.de\/wp-content\/uploads\/2024\/10\/logo-valbruna-favicon-512.png\",\"width\":512,\"height\":512,\"caption\":\"Valbruna Edel Inox GmbH\"},\"image\":{\"@id\":\"https:\/\/www.valbruna.de\/de\/#\/schema\/logo\/image\/\"}}]}<\/script>\n<!-- \/ Yoast SEO plugin. -->","yoast_head_json":{"title":"Stainless Steel and Nickel Alloys - Valbruna Edel Inox","description":"Wir liefern Produkte f\u00fcr spezielle M\u00e4rkte und Anwendungen: Ventile, Pumpen, bearbeitete Teile, Schmiedeteile, Sensoren, Vakuum, Kernkraft, Energie, \u00d6l und Gas, Kryo, Hochdruck, Steckverbinder, Bolzen, Schrauben, Muttern, hitzebest\u00e4ndig, hochkorrosionsbest\u00e4ndig, Kraftmesszellen uvm.","robots":{"index":"index","follow":"follow","max-snippet":"max-snippet:-1","max-image-preview":"max-image-preview:large","max-video-preview":"max-video-preview:-1"},"canonical":"https:\/\/www.valbruna.de\/de\/","og_locale":"de_DE","og_type":"article","og_title":"Stainless Steel and Nickel Alloys - Valbruna Edel Inox","og_description":"Wir liefern Produkte f\u00fcr spezielle M\u00e4rkte und Anwendungen: Ventile, Pumpen, bearbeitete Teile, Schmiedeteile, Sensoren, Vakuum, Kernkraft, Energie, \u00d6l und Gas, Kryo, Hochdruck, Steckverbinder, Bolzen, Schrauben, Muttern, hitzebest\u00e4ndig, hochkorrosionsbest\u00e4ndig, Kraftmesszellen uvm.","og_url":"https:\/\/www.valbruna.de\/de\/","og_site_name":"Valbruna Edel Inox","article_modified_time":"2025-10-27T14:09:58+00:00","og_image":[{"width":749,"height":508,"url":"https:\/\/www.valbruna.de\/wp-content\/uploads\/2023\/10\/warehouse.jpg","type":"image\/jpeg"}],"twitter_card":"summary_large_image","twitter_misc":{"Est. reading time":"1\u00a0Minute"},"schema":{"@context":"https:\/\/schema.org","@graph":[{"@type":"WebPage","@id":"https:\/\/www.valbruna.de\/de\/","url":"https:\/\/www.valbruna.de\/de\/","name":"Stainless Steel and Nickel Alloys - Valbruna Edel Inox","isPartOf":{"@id":"https:\/\/www.valbruna.de\/de\/#website"},"primaryImageOfPage":{"@id":"https:\/\/www.valbruna.de\/de\/#primaryimage"},"image":{"@id":"https:\/\/www.valbruna.de\/de\/#primaryimage"},"thumbnailUrl":"https:\/\/www.valbruna.de\/wp-content\/uploads\/2023\/10\/warehouse.jpg","datePublished":"2023-08-01T10:34:21+00:00","dateModified":"2025-10-27T14:09:58+00:00","description":"Wir liefern Produkte f\u00fcr spezielle M\u00e4rkte und Anwendungen: Ventile, Pumpen, bearbeitete Teile, Schmiedeteile, Sensoren, Vakuum, Kernkraft, Energie, \u00d6l und Gas, Kryo, Hochdruck, Steckverbinder, Bolzen, Schrauben, Muttern, hitzebest\u00e4ndig, hochkorrosionsbest\u00e4ndig, Kraftmesszellen uvm.","breadcrumb":{"@id":"https:\/\/www.valbruna.de\/de\/#breadcrumb"},"inLanguage":"de","potentialAction":[{"@type":"ReadAction","target":["https:\/\/www.valbruna.de\/de\/"]}]},{"@type":"ImageObject","inLanguage":"de","@id":"https:\/\/www.valbruna.de\/de\/#primaryimage","url":"https:\/\/www.valbruna.de\/wp-content\/uploads\/2023\/10\/warehouse.jpg","contentUrl":"https:\/\/www.valbruna.de\/wp-content\/uploads\/2023\/10\/warehouse.jpg","width":749,"height":508},{"@type":"BreadcrumbList","@id":"https:\/\/www.valbruna.de\/de\/#breadcrumb","itemListElement":[{"@type":"ListItem","position":1,"name":"Home","item":"https:\/\/www.valbruna.de\/de\/"},{"@type":"ListItem","position":2,"name":"Stainless Steel and Nickel Alloys"}]},{"@type":"WebSite","@id":"https:\/\/www.valbruna.de\/de\/#website","url":"https:\/\/www.valbruna.de\/de\/","name":"Valbruna Edel Inox GmbH","description":"","publisher":{"@id":"https:\/\/www.valbruna.de\/de\/#organization"},"alternateName":"Valbruna Edel Inox GmbH","potentialAction":[{"@type":"SearchAction","target":{"@type":"EntryPoint","urlTemplate":"https:\/\/www.valbruna.de\/de\/?s={search_term_string}"},"query-input":{"@type":"PropertyValueSpecification","valueRequired":true,"valueName":"search_term_string"}}],"inLanguage":"de"},{"@type":"Organization","@id":"https:\/\/www.valbruna.de\/de\/#organization","name":"Valbruna Edel Inox GmbH","alternateName":"Valbruna Edel Inox GmbH","url":"https:\/\/www.valbruna.de\/de\/","logo":{"@type":"ImageObject","inLanguage":"de","@id":"https:\/\/www.valbruna.de\/de\/#\/schema\/logo\/image\/","url":"https:\/\/www.valbruna.de\/wp-content\/uploads\/2024\/10\/logo-valbruna-favicon-512.png","contentUrl":"https:\/\/www.valbruna.de\/wp-content\/uploads\/2024\/10\/logo-valbruna-favicon-512.png","width":512,"height":512,"caption":"Valbruna Edel Inox GmbH"},"image":{"@id":"https:\/\/www.valbruna.de\/de\/#\/schema\/logo\/image\/"}}]}},"_links":{"self":[{"href":"https:\/\/www.valbruna.de\/de\/wp-json\/wp\/v2\/pages\/898","targetHints":{"allow":["GET"]}}],"collection":[{"href":"https:\/\/www.valbruna.de\/de\/wp-json\/wp\/v2\/pages"}],"about":[{"href":"https:\/\/www.valbruna.de\/de\/wp-json\/wp\/v2\/types\/page"}],"author":[{"embeddable":true,"href":"https:\/\/www.valbruna.de\/de\/wp-json\/wp\/v2\/users\/1"}],"replies":[{"embeddable":true,"href":"https:\/\/www.valbruna.de\/de\/wp-json\/wp\/v2\/comments?post=898"}],"version-history":[{"count":31,"href":"https:\/\/www.valbruna.de\/de\/wp-json\/wp\/v2\/pages\/898\/revisions"}],"predecessor-version":[{"id":1473,"href":"https:\/\/www.valbruna.de\/de\/wp-json\/wp\/v2\/pages\/898\/revisions\/1473"}],"wp:featuredmedia":[{"embeddable":true,"href":"https:\/\/www.valbruna.de\/de\/wp-json\/wp\/v2\/media\/841"}],"wp:attachment":[{"href":"https:\/\/www.valbruna.de\/de\/wp-json\/wp\/v2\/media?parent=898"}],"curies":[{"name":"wp","href":"https:\/\/api.w.org\/{rel}","templated":true}]}}