{"id":911,"date":"2023-09-25T14:34:15","date_gmt":"2023-09-25T12:34:15","guid":{"rendered":"https:\/\/valbruna-de.noooserver.com\/contacts\/"},"modified":"2026-04-30T16:27:22","modified_gmt":"2026-04-30T14:27:22","slug":"kontakt","status":"publish","type":"page","link":"https:\/\/www.valbruna.de\/de\/kontakt\/","title":{"rendered":"Kontakt"},"content":{"rendered":"<div style=\"width: 80%; margin: 0 auto; font-size: 141%;\">\n<table>\n<tbody>\n<tr>\n<td colspan=\"3\"><strong>Kontakt<\/strong><\/td>\n<\/tr>\n<tr>\n<td colspan=\"3\"><span style=\"color: #ffcc00;\"><strong>HAUPTSITZ UND LAGER DORMAGEN<\/strong><\/span><\/td>\n<\/tr>\n<tr>\n<td style=\"width: 33%;\">Siemensstra\u00dfe 14 \u00b7 41542 Dormagen<\/td>\n<td style=\"width: 33%;\">Telefon +49(2133)2706-0<\/td>\n<td style=\"width: 33%;\"><a href=\"mailto:verkauf@valbruna.de\">verkauf@valbruna.de<\/a><\/td>\n<\/tr>\n<tr>\n<td colspan=\"3\"><\/td>\n<\/tr>\n<tr>\n<td colspan=\"3\"><span style=\"color: #ffcc00;\"><strong>VERTRIEB DRAHT\/BETONSTAHL\/GEWINDESTANGEN<\/strong><\/span><\/td>\n<\/tr>\n<tr>\n<td style=\"width: 33%;\">Roland Schmidt (Ltg.)<\/td>\n<td style=\"width: 33%;\">-12<\/td>\n<td style=\"width: 33%;\"><a href=\"mailto:verkauf@valbruna.de\">verkauf@valbruna.de<\/a><\/td>\n<\/tr>\n<tr>\n<td style=\"width: 33%;\">Susanne Hendricks<\/td>\n<td style=\"width: 33%;\">-23<\/td>\n<td style=\"width: 33%;\"><a href=\"mailto:verkauf@valbruna.de\">verkauf@valbruna.de<\/a><\/td>\n<\/tr>\n<tr>\n<td><\/td>\n<td>Telefax<\/td>\n<td><a href=\"tel:+492133270650\">+49(2133)2706-50<\/a><\/td>\n<\/tr>\n<tr>\n<td colspan=\"3\"><span style=\"color: #ffcc00;\"><strong>VERTRIEB HANDEL<\/strong><\/span><\/td>\n<\/tr>\n<tr>\n<td style=\"width: 33%;\">Damian Pentok (Ltg.)<\/td>\n<td style=\"width: 33%;\">-22<\/td>\n<td style=\"width: 33%;\"><a href=\"mailto:verkauf@valbruna.de\">verkauf@valbruna.de<\/a><\/td>\n<\/tr>\n<tr>\n<td style=\"width: 33%;\">Carmen Heister<\/td>\n<td style=\"width: 33%;\">-16<\/td>\n<td style=\"width: 33%;\"><a href=\"mailto:verkauf@valbruna.de\">verkauf@valbruna.de<\/a><\/td>\n<\/tr>\n<tr>\n<td style=\"width: 33%;\"><\/td>\n<td style=\"width: 33%;\">Telefax<\/td>\n<td style=\"width: 33%;\"><a href=\"tel:+492133270650\">+49(2133)2706-50<\/a><\/td>\n<\/tr>\n<tr>\n<td colspan=\"3\"><span style=\"color: #ffcc00;\"><strong>VERTRIEB VERBRAUCHER<\/strong><\/span><\/td>\n<\/tr>\n<tr>\n<td style=\"width: 33%;\">Roland Schmidt (Ltg.)<\/td>\n<td style=\"width: 33%;\">-12<\/td>\n<td style=\"width: 33%;\"><a href=\"mailto:verkauf@valbruna.de\">verkauf@valbruna.de<\/a><\/td>\n<\/tr>\n<tr>\n<td style=\"width: 33%;\">Robert Landa<\/td>\n<td style=\"width: 33%;\">-25<\/td>\n<td style=\"width: 33%;\"><a href=\"mailto:verkauf@valbruna.de\">verkauf@valbruna.de<\/a><\/td>\n<\/tr>\n<tr>\n<td style=\"width: 33%;\">Dounia El Marhoumi<\/td>\n<td style=\"width: 33%;\">-35<\/td>\n<td style=\"width: 33%;\"><a href=\"mailto:verkauf@valbruna.de\">verkauf@valbruna.de<\/a><\/td>\n<\/tr>\n<tr>\n<td style=\"width: 30%;\">Bernd Albrecht<\/td>\n<td style=\"width: 30%;\">+49(173)7072914<\/td>\n<td style=\"width: 40%;\"><a href=\"mailto:verkauf@valbruna.de\">verkauf@valbruna.de<\/a><\/td>\n<\/tr>\n<tr>\n<td style=\"width: 30%;\">Wolfgang Pixken<\/td>\n<td style=\"width: 30%;\">+49(157)32066753<\/td>\n<td style=\"width: 40%;\"><a href=\"mailto:verkauf@valbruna.de\">verkauf@valbruna.de<\/a><\/td>\n<\/tr>\n<tr>\n<td style=\"width: 33%;\"><\/td>\n<td style=\"width: 33%;\">Telefax<\/td>\n<td style=\"width: 33%;\">+49(2133)2706-40<\/td>\n<\/tr>\n<tr>\n<td colspan=\"3\"><span style=\"color: #ffcc00;\"><strong>VERTRIEB NICKELLEGIERUNGEN UND TITAN<\/strong><\/span><\/td>\n<\/tr>\n<tr>\n<td>Lothar Wendt (Ltg.)<\/td>\n<td>-28<\/td>\n<td style=\"width: 33%;\"><a href=\"mailto:nickel@valbruna.de\">nickel@valbruna.de<\/a><\/td>\n<\/tr>\n<tr>\n<td style=\"width: 33%;\">Maximilian M\u00fcller<\/td>\n<td style=\"width: 33%;\">-15<\/td>\n<td style=\"width: 33%;\"><a href=\"mailto:nickel@valbruna.de\">nickel@valbruna.de<\/a><\/td>\n<\/tr>\n<tr>\n<td style=\"width: 33%;\">Bernd Albrecht<\/td>\n<td style=\"width: 33%;\">+49(173)7072914<\/td>\n<td style=\"width: 33%;\"><a href=\"mailto:nickel@valbruna.de\">nickel@valbruna.de<\/a><\/td>\n<\/tr>\n<tr>\n<td style=\"width: 33%;\">J\u00f6rg Burks<\/td>\n<td style=\"width: 33%;\">+49(160)92090096<\/td>\n<td style=\"width: 33%;\"><a href=\"mailto:nickel@valbruna.de\">nickel@valbruna.de<\/a><\/td>\n<\/tr>\n<tr>\n<td style=\"width: 33%;\"><\/td>\n<td style=\"width: 33%;\">Telefax<\/td>\n<td style=\"width: 33%;\">+49(2133)2706-40<\/td>\n<\/tr>\n<tr>\n<td colspan=\"3\"><span style=\"color: #ffcc00;\"><strong>VERTRIEB MEDIZINISCHE ST\u00c4HLE<\/strong><\/span><\/td>\n<\/tr>\n<tr>\n<td>Cornelia Kotthaus<\/td>\n<td>-19<\/td>\n<td style=\"width: 33%;\"><a href=\"mailto:medical@valbruna.de\">medical@valbruna.de<\/a><\/td>\n<\/tr>\n<tr>\n<td colspan=\"3\"><\/td>\n<\/tr>\n<tr>\n<td colspan=\"3\"><span style=\"color: #ffcc00;\"><strong>NIEDERLASSUNG UND LAGER N\u00dcRTINGEN<\/strong><\/span><\/td>\n<\/tr>\n<tr>\n<td colspan=\"2\">In der Au 7 \u00b7 72622 N\u00fcrtingen<\/td>\n<td colspan=\"1\">Telefon +49(7022)96314-0<\/td>\n<\/tr>\n<tr>\n<td colspan=\"2\"><a href=\"mailto:verkauf@valbruna.de\">verkauf@valbruna.de<\/a><\/td>\n<td colspan=\"1\">Telefax +49(7022)64717<\/td>\n<\/tr>\n<tr>\n<td colspan=\"3\"><span style=\"color: #ffcc00;\"><strong>VERTRIEB HANDEL<\/strong><\/span><\/td>\n<\/tr>\n<tr>\n<td style=\"width: 33%;\">Uwe Rode<\/td>\n<td style=\"width: 33%;\">-13<\/td>\n<td style=\"width: 33%;\"><a href=\"mailto:verkauf@valbruna.de\">verkauf@valbruna.de<\/a><\/td>\n<\/tr>\n<tr>\n<td colspan=\"3\"><span style=\"color: #ffcc00;\"><strong>VERTRIEB VERBRAUCHER<\/strong><\/span><\/td>\n<\/tr>\n<tr>\n<td style=\"width: 33%;\">Roland H\u00f6rrmann (Ltg.)<\/td>\n<td style=\"width: 33%;\">-20<\/td>\n<td style=\"width: 33%;\"><a href=\"mailto:verkauf@valbruna.de\">verkauf@valbruna.de<\/a><\/td>\n<\/tr>\n<tr>\n<td style=\"width: 33%;\">Monja Schank<\/td>\n<td style=\"width: 33%;\">-18<\/td>\n<td style=\"width: 33%;\"><a href=\"mailto:verkauf@valbruna.de\">verkauf@valbruna.de<\/a><\/td>\n<\/tr>\n<tr>\n<td style=\"width: 33%;\">Sonja Lehbach<\/td>\n<td style=\"width: 33%;\">-23<\/td>\n<td style=\"width: 33%;\"><a href=\"mailto:verkauf@valbruna.de\">verkauf@valbruna.de<\/a><\/td>\n<\/tr>\n<tr>\n<td style=\"width: 33%;\">Martin Rojahn<\/td>\n<td style=\"width: 33%;\">-12<\/td>\n<td style=\"width: 33%;\"><a href=\"mailto:verkauf@valbruna.de\">verkauf@valbruna.de<\/a><\/td>\n<\/tr>\n<tr>\n<td colspan=\"3\"><\/td>\n<\/tr>\n<tr>\n<td colspan=\"3\"><span style=\"color: #ffcc00;\"><strong>Niederlassungsleitung<\/strong><\/span><\/td>\n<\/tr>\n<tr>\n<td style=\"width: 33%;\">Michael Seckinger<\/td>\n<td style=\"width: 33%;\">-24<\/td>\n<td style=\"width: 33%;\"><a href=\"mailto:verkauf@valbruna.de\">verkauf@valbruna.de<\/a><\/td>\n<\/tr>\n<\/tbody>\n<\/table>\n<\/div>\n","protected":false},"excerpt":{"rendered":"<p>Kontakt HAUPTSITZ UND LAGER DORMAGEN Siemensstra\u00dfe 14 \u00b7 41542 Dormagen Telefon +49(2133)2706-0 verkauf@valbruna.de VERTRIEB DRAHT\/BETONSTAHL\/GEWINDESTANGEN Roland Schmidt (Ltg.) -12 verkauf@valbruna.de Susanne Hendricks -23 verkauf@valbruna.de Telefax +49(2133)2706-50 VERTRIEB HANDEL Damian Pentok (Ltg.) -22 verkauf@valbruna.de Carmen Heister -16 verkauf@valbruna.de Telefax +49(2133)2706-50 VERTRIEB VERBRAUCHER Roland Schmidt (Ltg.) -12 verkauf@valbruna.de Robert Landa -25 verkauf@valbruna.de Dounia El Marhoumi -35 verkauf@valbruna.de [&hellip;]<\/p>\n","protected":false},"author":1,"featured_media":894,"parent":0,"menu_order":0,"comment_status":"closed","ping_status":"closed","template":"page-contacts.php","meta":{"footnotes":""},"class_list":["post-911","page","type-page","status-publish","has-post-thumbnail","hentry"],"acf":[],"yoast_head":"<!-- This site is optimized with the Yoast SEO Premium plugin v27.5 (Yoast SEO v27.5) - https:\/\/yoast.com\/product\/yoast-seo-premium-wordpress\/ -->\n<title>Kontakt - Valbruna Edel Inox<\/title>\n<meta name=\"robots\" content=\"index, follow, max-snippet:-1, max-image-preview:large, max-video-preview:-1\" \/>\n<link rel=\"canonical\" href=\"https:\/\/www.valbruna.de\/de\/kontakt\/\" \/>\n<meta property=\"og:locale\" content=\"de_DE\" \/>\n<meta property=\"og:type\" content=\"article\" \/>\n<meta property=\"og:title\" content=\"Kontakt\" \/>\n<meta property=\"og:description\" content=\"Kontakt HAUPTSITZ UND LAGER DORMAGEN Siemensstra\u00dfe 14 \u00b7 41542 Dormagen Telefon +49(2133)2706-0 verkauf@valbruna.de VERTRIEB DRAHT\/BETONSTAHL\/GEWINDESTANGEN Roland Schmidt (Ltg.) -12 verkauf@valbruna.de Susanne Hendricks -23 verkauf@valbruna.de Telefax +49(2133)2706-50 VERTRIEB HANDEL Damian Pentok (Ltg.) -22 verkauf@valbruna.de Carmen Heister -16 verkauf@valbruna.de Telefax +49(2133)2706-50 VERTRIEB VERBRAUCHER Roland Schmidt (Ltg.) -12 verkauf@valbruna.de Robert Landa -25 verkauf@valbruna.de Dounia El Marhoumi -35 verkauf@valbruna.de [&hellip;]\" \/>\n<meta property=\"og:url\" content=\"https:\/\/www.valbruna.de\/de\/kontakt\/\" \/>\n<meta property=\"og:site_name\" content=\"Valbruna Edel Inox\" \/>\n<meta property=\"article:publisher\" content=\"https:\/\/www.facebook.com\/profile.php?id=61557357778872\" \/>\n<meta property=\"article:modified_time\" content=\"2026-04-30T14:27:22+00:00\" \/>\n<meta property=\"og:image\" content=\"https:\/\/www.valbruna.de\/wp-content\/uploads\/2024\/03\/uomo8.jpg\" \/>\n\t<meta property=\"og:image:width\" content=\"1800\" \/>\n\t<meta property=\"og:image:height\" content=\"770\" \/>\n\t<meta property=\"og:image:type\" content=\"image\/jpeg\" \/>\n<meta name=\"twitter:card\" content=\"summary_large_image\" \/>\n<meta name=\"twitter:label1\" content=\"Est. reading time\" \/>\n\t<meta name=\"twitter:data1\" content=\"1\u00a0Minute\" \/>\n<script type=\"application\/ld+json\" class=\"yoast-schema-graph\">{\"@context\":\"https:\\\/\\\/schema.org\",\"@graph\":[{\"@type\":\"WebPage\",\"@id\":\"https:\\\/\\\/www.valbruna.de\\\/de\\\/kontakt\\\/\",\"url\":\"https:\\\/\\\/www.valbruna.de\\\/de\\\/kontakt\\\/\",\"name\":\"Kontakt - Valbruna Edel Inox\",\"isPartOf\":{\"@id\":\"https:\\\/\\\/www.valbruna.de\\\/de\\\/#website\"},\"primaryImageOfPage\":{\"@id\":\"https:\\\/\\\/www.valbruna.de\\\/de\\\/kontakt\\\/#primaryimage\"},\"image\":{\"@id\":\"https:\\\/\\\/www.valbruna.de\\\/de\\\/kontakt\\\/#primaryimage\"},\"thumbnailUrl\":\"https:\\\/\\\/www.valbruna.de\\\/wp-content\\\/uploads\\\/2024\\\/03\\\/uomo8.jpg\",\"datePublished\":\"2023-09-25T12:34:15+00:00\",\"dateModified\":\"2026-04-30T14:27:22+00:00\",\"breadcrumb\":{\"@id\":\"https:\\\/\\\/www.valbruna.de\\\/de\\\/kontakt\\\/#breadcrumb\"},\"inLanguage\":\"de\",\"potentialAction\":[{\"@type\":\"ReadAction\",\"target\":[\"https:\\\/\\\/www.valbruna.de\\\/de\\\/kontakt\\\/\"]}]},{\"@type\":\"ImageObject\",\"inLanguage\":\"de\",\"@id\":\"https:\\\/\\\/www.valbruna.de\\\/de\\\/kontakt\\\/#primaryimage\",\"url\":\"https:\\\/\\\/www.valbruna.de\\\/wp-content\\\/uploads\\\/2024\\\/03\\\/uomo8.jpg\",\"contentUrl\":\"https:\\\/\\\/www.valbruna.de\\\/wp-content\\\/uploads\\\/2024\\\/03\\\/uomo8.jpg\",\"width\":1800,\"height\":770},{\"@type\":\"BreadcrumbList\",\"@id\":\"https:\\\/\\\/www.valbruna.de\\\/de\\\/kontakt\\\/#breadcrumb\",\"itemListElement\":[{\"@type\":\"ListItem\",\"position\":1,\"name\":\"Home\",\"item\":\"https:\\\/\\\/www.valbruna.de\\\/de\\\/\"},{\"@type\":\"ListItem\",\"position\":2,\"name\":\"Kontakt\"}]},{\"@type\":\"WebSite\",\"@id\":\"https:\\\/\\\/www.valbruna.de\\\/de\\\/#website\",\"url\":\"https:\\\/\\\/www.valbruna.de\\\/de\\\/\",\"name\":\"Valbruna Edel Inox GmbH\",\"description\":\"\",\"publisher\":{\"@id\":\"https:\\\/\\\/www.valbruna.de\\\/de\\\/#organization\"},\"alternateName\":\"Valbruna Edel Inox GmbH\",\"potentialAction\":[{\"@type\":\"SearchAction\",\"target\":{\"@type\":\"EntryPoint\",\"urlTemplate\":\"https:\\\/\\\/www.valbruna.de\\\/de\\\/?s={search_term_string}\"},\"query-input\":{\"@type\":\"PropertyValueSpecification\",\"valueRequired\":true,\"valueName\":\"search_term_string\"}}],\"inLanguage\":\"de\"},{\"@type\":\"Organization\",\"@id\":\"https:\\\/\\\/www.valbruna.de\\\/de\\\/#organization\",\"name\":\"Valbruna Edel Inox GmbH\",\"alternateName\":\"Valbruna Edel Inox GmbH\",\"url\":\"https:\\\/\\\/www.valbruna.de\\\/de\\\/\",\"logo\":{\"@type\":\"ImageObject\",\"inLanguage\":\"de\",\"@id\":\"https:\\\/\\\/www.valbruna.de\\\/de\\\/#\\\/schema\\\/logo\\\/image\\\/\",\"url\":\"https:\\\/\\\/www.valbruna.de\\\/wp-content\\\/uploads\\\/2024\\\/10\\\/logo-valbruna-favicon-512.png\",\"contentUrl\":\"https:\\\/\\\/www.valbruna.de\\\/wp-content\\\/uploads\\\/2024\\\/10\\\/logo-valbruna-favicon-512.png\",\"width\":512,\"height\":512,\"caption\":\"Valbruna Edel Inox GmbH\"},\"image\":{\"@id\":\"https:\\\/\\\/www.valbruna.de\\\/de\\\/#\\\/schema\\\/logo\\\/image\\\/\"},\"sameAs\":[\"https:\\\/\\\/www.facebook.com\\\/profile.php?id=61557357778872\",\"https:\\\/\\\/www.linkedin.com\\\/company\\\/valbruna-edel-inox-gmbh\",\"https:\\\/\\\/www.instagram.com\\\/valbruna_edel_inox\\\/\"],\"description\":\"Deutscher Vertriebs- und Servicepartner der Valbruna Group f\u00fcr Edelstahl-Langprodukte und Nickellegierungen. Lagerbestand \u00fcber 60.000 Tonnen an zwei Standorten in Dormagen und N\u00fcrtingen. Beliefert Luft- und Raumfahrt, Chemie, Energie, Automobilindustrie, Maschinenbau, Medizin und Schifffahrt.\",\"email\":\"verkauf@valbruna.de\",\"telephone\":\"+49-2133-2706-0\",\"legalName\":\"Valbruna Edel Inox GmbH\",\"foundingDate\":\"1987-01-01\"}]}<\/script>\n<!-- \/ Yoast SEO Premium plugin. -->","yoast_head_json":{"title":"Kontakt - Valbruna Edel Inox","robots":{"index":"index","follow":"follow","max-snippet":"max-snippet:-1","max-image-preview":"max-image-preview:large","max-video-preview":"max-video-preview:-1"},"canonical":"https:\/\/www.valbruna.de\/de\/kontakt\/","og_locale":"de_DE","og_type":"article","og_title":"Kontakt","og_description":"Kontakt HAUPTSITZ UND LAGER DORMAGEN Siemensstra\u00dfe 14 \u00b7 41542 Dormagen Telefon +49(2133)2706-0 verkauf@valbruna.de VERTRIEB DRAHT\/BETONSTAHL\/GEWINDESTANGEN Roland Schmidt (Ltg.) -12 verkauf@valbruna.de Susanne Hendricks -23 verkauf@valbruna.de Telefax +49(2133)2706-50 VERTRIEB HANDEL Damian Pentok (Ltg.) -22 verkauf@valbruna.de Carmen Heister -16 verkauf@valbruna.de Telefax +49(2133)2706-50 VERTRIEB VERBRAUCHER Roland Schmidt (Ltg.) -12 verkauf@valbruna.de Robert Landa -25 verkauf@valbruna.de Dounia El Marhoumi -35 verkauf@valbruna.de [&hellip;]","og_url":"https:\/\/www.valbruna.de\/de\/kontakt\/","og_site_name":"Valbruna Edel Inox","article_publisher":"https:\/\/www.facebook.com\/profile.php?id=61557357778872","article_modified_time":"2026-04-30T14:27:22+00:00","og_image":[{"width":1800,"height":770,"url":"https:\/\/www.valbruna.de\/wp-content\/uploads\/2024\/03\/uomo8.jpg","type":"image\/jpeg"}],"twitter_card":"summary_large_image","twitter_misc":{"Est. reading time":"1\u00a0Minute"},"schema":{"@context":"https:\/\/schema.org","@graph":[{"@type":"WebPage","@id":"https:\/\/www.valbruna.de\/de\/kontakt\/","url":"https:\/\/www.valbruna.de\/de\/kontakt\/","name":"Kontakt - Valbruna Edel Inox","isPartOf":{"@id":"https:\/\/www.valbruna.de\/de\/#website"},"primaryImageOfPage":{"@id":"https:\/\/www.valbruna.de\/de\/kontakt\/#primaryimage"},"image":{"@id":"https:\/\/www.valbruna.de\/de\/kontakt\/#primaryimage"},"thumbnailUrl":"https:\/\/www.valbruna.de\/wp-content\/uploads\/2024\/03\/uomo8.jpg","datePublished":"2023-09-25T12:34:15+00:00","dateModified":"2026-04-30T14:27:22+00:00","breadcrumb":{"@id":"https:\/\/www.valbruna.de\/de\/kontakt\/#breadcrumb"},"inLanguage":"de","potentialAction":[{"@type":"ReadAction","target":["https:\/\/www.valbruna.de\/de\/kontakt\/"]}]},{"@type":"ImageObject","inLanguage":"de","@id":"https:\/\/www.valbruna.de\/de\/kontakt\/#primaryimage","url":"https:\/\/www.valbruna.de\/wp-content\/uploads\/2024\/03\/uomo8.jpg","contentUrl":"https:\/\/www.valbruna.de\/wp-content\/uploads\/2024\/03\/uomo8.jpg","width":1800,"height":770},{"@type":"BreadcrumbList","@id":"https:\/\/www.valbruna.de\/de\/kontakt\/#breadcrumb","itemListElement":[{"@type":"ListItem","position":1,"name":"Home","item":"https:\/\/www.valbruna.de\/de\/"},{"@type":"ListItem","position":2,"name":"Kontakt"}]},{"@type":"WebSite","@id":"https:\/\/www.valbruna.de\/de\/#website","url":"https:\/\/www.valbruna.de\/de\/","name":"Valbruna Edel Inox GmbH","description":"","publisher":{"@id":"https:\/\/www.valbruna.de\/de\/#organization"},"alternateName":"Valbruna Edel Inox GmbH","potentialAction":[{"@type":"SearchAction","target":{"@type":"EntryPoint","urlTemplate":"https:\/\/www.valbruna.de\/de\/?s={search_term_string}"},"query-input":{"@type":"PropertyValueSpecification","valueRequired":true,"valueName":"search_term_string"}}],"inLanguage":"de"},{"@type":"Organization","@id":"https:\/\/www.valbruna.de\/de\/#organization","name":"Valbruna Edel Inox GmbH","alternateName":"Valbruna Edel Inox GmbH","url":"https:\/\/www.valbruna.de\/de\/","logo":{"@type":"ImageObject","inLanguage":"de","@id":"https:\/\/www.valbruna.de\/de\/#\/schema\/logo\/image\/","url":"https:\/\/www.valbruna.de\/wp-content\/uploads\/2024\/10\/logo-valbruna-favicon-512.png","contentUrl":"https:\/\/www.valbruna.de\/wp-content\/uploads\/2024\/10\/logo-valbruna-favicon-512.png","width":512,"height":512,"caption":"Valbruna Edel Inox GmbH"},"image":{"@id":"https:\/\/www.valbruna.de\/de\/#\/schema\/logo\/image\/"},"sameAs":["https:\/\/www.facebook.com\/profile.php?id=61557357778872","https:\/\/www.linkedin.com\/company\/valbruna-edel-inox-gmbh","https:\/\/www.instagram.com\/valbruna_edel_inox\/"],"description":"Deutscher Vertriebs- und Servicepartner der Valbruna Group f\u00fcr Edelstahl-Langprodukte und Nickellegierungen. Lagerbestand \u00fcber 60.000 Tonnen an zwei Standorten in Dormagen und N\u00fcrtingen. Beliefert Luft- und Raumfahrt, Chemie, Energie, Automobilindustrie, Maschinenbau, Medizin und Schifffahrt.","email":"verkauf@valbruna.de","telephone":"+49-2133-2706-0","legalName":"Valbruna Edel Inox GmbH","foundingDate":"1987-01-01"}]}},"_links":{"self":[{"href":"https:\/\/www.valbruna.de\/de\/wp-json\/wp\/v2\/pages\/911","targetHints":{"allow":["GET"]}}],"collection":[{"href":"https:\/\/www.valbruna.de\/de\/wp-json\/wp\/v2\/pages"}],"about":[{"href":"https:\/\/www.valbruna.de\/de\/wp-json\/wp\/v2\/types\/page"}],"author":[{"embeddable":true,"href":"https:\/\/www.valbruna.de\/de\/wp-json\/wp\/v2\/users\/1"}],"replies":[{"embeddable":true,"href":"https:\/\/www.valbruna.de\/de\/wp-json\/wp\/v2\/comments?post=911"}],"version-history":[{"count":71,"href":"https:\/\/www.valbruna.de\/de\/wp-json\/wp\/v2\/pages\/911\/revisions"}],"predecessor-version":[{"id":1486,"href":"https:\/\/www.valbruna.de\/de\/wp-json\/wp\/v2\/pages\/911\/revisions\/1486"}],"wp:featuredmedia":[{"embeddable":true,"href":"https:\/\/www.valbruna.de\/de\/wp-json\/wp\/v2\/media\/894"}],"wp:attachment":[{"href":"https:\/\/www.valbruna.de\/de\/wp-json\/wp\/v2\/media?parent=911"}],"curies":[{"name":"wp","href":"https:\/\/api.w.org\/{rel}","templated":true}]}}